{"id":57,"date":"2019-06-16T17:05:40","date_gmt":"2019-06-16T17:05:40","guid":{"rendered":"http:\/\/rybolovsudomer.cz\/?page_id=57"},"modified":"2019-07-07T16:52:45","modified_gmt":"2019-07-07T16:52:45","slug":"kontakt","status":"publish","type":"page","link":"https:\/\/rybolovsudomer.cz\/?page_id=57","title":{"rendered":"Kontakt"},"content":{"rendered":"\n<h3 class=\"wp-block-heading\"><strong>Povolenky lze objednat u spr\u00e1vce rev\u00edru<\/strong><\/h3>\n\n\n\n<h1 class=\"wp-block-heading\"><strong>na tel. \u010d\u00edsle:<\/strong>\u00a0604 50 30 60<\/h1>\n\n\n\n<p>email: rybolovsudomer@seznam.cz<\/p>\n\n\n\n<h2 class=\"wp-block-heading\">Mapa<\/h2>\n\n\n\n<p>p\u0159\u00edjezd k hr\u00e1zi sm\u011br Trnov\u00e1<\/p>\n\n\n\n<iframe src=\"https:\/\/www.google.com\/maps\/embed?pb=!1m18!1m12!1m3!1d79054.8845698288!2d14.691191009946534!3d50.40653561193491!2m3!1f0!2f0!3f0!3m2!1i1024!2i768!4f13.1!3m3!1m2!1s0x470958336aefaf17%3A0x400af0f6615f3c0!2zMjk0IDI1IFN1ZG9txJvFmQ!5e0!3m2!1scs!2scz!4v1560760556165!5m2!1scs!2scz\" width=\"100%\" height=\"450\" frameborder=\"0\" style=\"border:0\" allowfullscreen=\"\"><\/iframe>\n","protected":false},"excerpt":{"rendered":"<p>Povolenky lze objednat u spr\u00e1vce rev\u00edru na tel. \u010d\u00edsle:\u00a0604 50 30 60 email: rybolovsudomer@seznam.cz Mapa p\u0159\u00edjezd k hr\u00e1zi sm\u011br Trnov\u00e1<\/p>\n","protected":false},"author":1,"featured_media":0,"parent":0,"menu_order":0,"comment_status":"closed","ping_status":"closed","template":"","meta":{"footnotes":""},"class_list":["post-57","page","type-page","status-publish","hentry"],"yoast_head":"<!-- This site is optimized with the Yoast SEO plugin v27.5 - https:\/\/yoast.com\/product\/yoast-seo-wordpress\/ -->\n<title>Kontakt - Rybolov Sudom\u011b\u0159<\/title>\n<meta name=\"robots\" content=\"index, follow, max-snippet:-1, max-image-preview:large, max-video-preview:-1\" \/>\n<link rel=\"canonical\" href=\"https:\/\/rybolovsudomer.cz\/?page_id=57\" \/>\n<meta property=\"og:locale\" content=\"cs_CZ\" \/>\n<meta property=\"og:type\" content=\"article\" \/>\n<meta property=\"og:title\" content=\"Kontakt - Rybolov Sudom\u011b\u0159\" \/>\n<meta property=\"og:description\" content=\"Povolenky lze objednat u spr\u00e1vce rev\u00edru na tel. \u010d\u00edsle:\u00a0604 50 30 60 email: rybolovsudomer@seznam.cz Mapa p\u0159\u00edjezd k hr\u00e1zi sm\u011br Trnov\u00e1\" \/>\n<meta property=\"og:url\" content=\"https:\/\/rybolovsudomer.cz\/?page_id=57\" \/>\n<meta property=\"og:site_name\" content=\"Rybolov Sudom\u011b\u0159\" \/>\n<meta property=\"article:modified_time\" content=\"2019-07-07T16:52:45+00:00\" \/>\n<meta name=\"twitter:card\" content=\"summary_large_image\" \/>\n<script type=\"application\/ld+json\" class=\"yoast-schema-graph\">{\"@context\":\"https:\\\/\\\/schema.org\",\"@graph\":[{\"@type\":\"WebPage\",\"@id\":\"https:\\\/\\\/rybolovsudomer.cz\\\/?page_id=57\",\"url\":\"https:\\\/\\\/rybolovsudomer.cz\\\/?page_id=57\",\"name\":\"Kontakt - Rybolov Sudom\u011b\u0159\",\"isPartOf\":{\"@id\":\"https:\\\/\\\/rybolovsudomer.cz\\\/#website\"},\"datePublished\":\"2019-06-16T17:05:40+00:00\",\"dateModified\":\"2019-07-07T16:52:45+00:00\",\"breadcrumb\":{\"@id\":\"https:\\\/\\\/rybolovsudomer.cz\\\/?page_id=57#breadcrumb\"},\"inLanguage\":\"cs\",\"potentialAction\":[{\"@type\":\"ReadAction\",\"target\":[\"https:\\\/\\\/rybolovsudomer.cz\\\/?page_id=57\"]}]},{\"@type\":\"BreadcrumbList\",\"@id\":\"https:\\\/\\\/rybolovsudomer.cz\\\/?page_id=57#breadcrumb\",\"itemListElement\":[{\"@type\":\"ListItem\",\"position\":1,\"name\":\"Home\",\"item\":\"https:\\\/\\\/rybolovsudomer.cz\\\/\"},{\"@type\":\"ListItem\",\"position\":2,\"name\":\"Kontakt\"}]},{\"@type\":\"WebSite\",\"@id\":\"https:\\\/\\\/rybolovsudomer.cz\\\/#website\",\"url\":\"https:\\\/\\\/rybolovsudomer.cz\\\/\",\"name\":\"Rybolov Sudom\u011b\u0159\",\"description\":\"\",\"publisher\":{\"@id\":\"https:\\\/\\\/rybolovsudomer.cz\\\/#organization\"},\"potentialAction\":[{\"@type\":\"SearchAction\",\"target\":{\"@type\":\"EntryPoint\",\"urlTemplate\":\"https:\\\/\\\/rybolovsudomer.cz\\\/?s={search_term_string}\"},\"query-input\":{\"@type\":\"PropertyValueSpecification\",\"valueRequired\":true,\"valueName\":\"search_term_string\"}}],\"inLanguage\":\"cs\"},{\"@type\":\"Organization\",\"@id\":\"https:\\\/\\\/rybolovsudomer.cz\\\/#organization\",\"name\":\"Rybolov Sudom\u011b\u0159\",\"url\":\"https:\\\/\\\/rybolovsudomer.cz\\\/\",\"logo\":{\"@type\":\"ImageObject\",\"inLanguage\":\"cs\",\"@id\":\"https:\\\/\\\/rybolovsudomer.cz\\\/#\\\/schema\\\/logo\\\/image\\\/\",\"url\":\"https:\\\/\\\/rybolovsudomer.cz\\\/wp-content\\\/uploads\\\/2019\\\/06\\\/cropped-Logo_2.png\",\"contentUrl\":\"https:\\\/\\\/rybolovsudomer.cz\\\/wp-content\\\/uploads\\\/2019\\\/06\\\/cropped-Logo_2.png\",\"width\":200,\"height\":182,\"caption\":\"Rybolov Sudom\u011b\u0159\"},\"image\":{\"@id\":\"https:\\\/\\\/rybolovsudomer.cz\\\/#\\\/schema\\\/logo\\\/image\\\/\"}}]}<\/script>\n<!-- \/ Yoast SEO plugin. -->","yoast_head_json":{"title":"Kontakt - Rybolov Sudom\u011b\u0159","robots":{"index":"index","follow":"follow","max-snippet":"max-snippet:-1","max-image-preview":"max-image-preview:large","max-video-preview":"max-video-preview:-1"},"canonical":"https:\/\/rybolovsudomer.cz\/?page_id=57","og_locale":"cs_CZ","og_type":"article","og_title":"Kontakt - Rybolov Sudom\u011b\u0159","og_description":"Povolenky lze objednat u spr\u00e1vce rev\u00edru na tel. \u010d\u00edsle:\u00a0604 50 30 60 email: rybolovsudomer@seznam.cz Mapa p\u0159\u00edjezd k hr\u00e1zi sm\u011br Trnov\u00e1","og_url":"https:\/\/rybolovsudomer.cz\/?page_id=57","og_site_name":"Rybolov Sudom\u011b\u0159","article_modified_time":"2019-07-07T16:52:45+00:00","twitter_card":"summary_large_image","schema":{"@context":"https:\/\/schema.org","@graph":[{"@type":"WebPage","@id":"https:\/\/rybolovsudomer.cz\/?page_id=57","url":"https:\/\/rybolovsudomer.cz\/?page_id=57","name":"Kontakt - Rybolov Sudom\u011b\u0159","isPartOf":{"@id":"https:\/\/rybolovsudomer.cz\/#website"},"datePublished":"2019-06-16T17:05:40+00:00","dateModified":"2019-07-07T16:52:45+00:00","breadcrumb":{"@id":"https:\/\/rybolovsudomer.cz\/?page_id=57#breadcrumb"},"inLanguage":"cs","potentialAction":[{"@type":"ReadAction","target":["https:\/\/rybolovsudomer.cz\/?page_id=57"]}]},{"@type":"BreadcrumbList","@id":"https:\/\/rybolovsudomer.cz\/?page_id=57#breadcrumb","itemListElement":[{"@type":"ListItem","position":1,"name":"Home","item":"https:\/\/rybolovsudomer.cz\/"},{"@type":"ListItem","position":2,"name":"Kontakt"}]},{"@type":"WebSite","@id":"https:\/\/rybolovsudomer.cz\/#website","url":"https:\/\/rybolovsudomer.cz\/","name":"Rybolov Sudom\u011b\u0159","description":"","publisher":{"@id":"https:\/\/rybolovsudomer.cz\/#organization"},"potentialAction":[{"@type":"SearchAction","target":{"@type":"EntryPoint","urlTemplate":"https:\/\/rybolovsudomer.cz\/?s={search_term_string}"},"query-input":{"@type":"PropertyValueSpecification","valueRequired":true,"valueName":"search_term_string"}}],"inLanguage":"cs"},{"@type":"Organization","@id":"https:\/\/rybolovsudomer.cz\/#organization","name":"Rybolov Sudom\u011b\u0159","url":"https:\/\/rybolovsudomer.cz\/","logo":{"@type":"ImageObject","inLanguage":"cs","@id":"https:\/\/rybolovsudomer.cz\/#\/schema\/logo\/image\/","url":"https:\/\/rybolovsudomer.cz\/wp-content\/uploads\/2019\/06\/cropped-Logo_2.png","contentUrl":"https:\/\/rybolovsudomer.cz\/wp-content\/uploads\/2019\/06\/cropped-Logo_2.png","width":200,"height":182,"caption":"Rybolov Sudom\u011b\u0159"},"image":{"@id":"https:\/\/rybolovsudomer.cz\/#\/schema\/logo\/image\/"}}]}},"_links":{"self":[{"href":"https:\/\/rybolovsudomer.cz\/index.php?rest_route=\/wp\/v2\/pages\/57","targetHints":{"allow":["GET"]}}],"collection":[{"href":"https:\/\/rybolovsudomer.cz\/index.php?rest_route=\/wp\/v2\/pages"}],"about":[{"href":"https:\/\/rybolovsudomer.cz\/index.php?rest_route=\/wp\/v2\/types\/page"}],"author":[{"embeddable":true,"href":"https:\/\/rybolovsudomer.cz\/index.php?rest_route=\/wp\/v2\/users\/1"}],"replies":[{"embeddable":true,"href":"https:\/\/rybolovsudomer.cz\/index.php?rest_route=%2Fwp%2Fv2%2Fcomments&post=57"}],"version-history":[{"count":8,"href":"https:\/\/rybolovsudomer.cz\/index.php?rest_route=\/wp\/v2\/pages\/57\/revisions"}],"predecessor-version":[{"id":103,"href":"https:\/\/rybolovsudomer.cz\/index.php?rest_route=\/wp\/v2\/pages\/57\/revisions\/103"}],"wp:attachment":[{"href":"https:\/\/rybolovsudomer.cz\/index.php?rest_route=%2Fwp%2Fv2%2Fmedia&parent=57"}],"curies":[{"name":"wp","href":"https:\/\/api.w.org\/{rel}","templated":true}]}}