{"id":55,"date":"2019-06-16T17:05:04","date_gmt":"2019-06-16T17:05:04","guid":{"rendered":"http:\/\/rybolovsudomer.cz\/?page_id=55"},"modified":"2022-06-02T17:23:46","modified_gmt":"2022-06-02T16:23:46","slug":"fotogalerie","status":"publish","type":"page","link":"https:\/\/rybolovsudomer.cz\/?page_id=55","title":{"rendered":"Fotogalerie"},"content":{"rendered":"\n<figure class=\"wp-block-image\"><img fetchpriority=\"high\" decoding=\"async\" width=\"1024\" height=\"462\" src=\"http:\/\/rybolovsudomer.cz\/wp-content\/uploads\/2019\/06\/IMG_E2845-1024x462.jpg\" alt=\"\" class=\"wp-image-14\" srcset=\"https:\/\/rybolovsudomer.cz\/wp-content\/uploads\/2019\/06\/IMG_E2845-1024x462.jpg 1024w, https:\/\/rybolovsudomer.cz\/wp-content\/uploads\/2019\/06\/IMG_E2845-300x135.jpg 300w, https:\/\/rybolovsudomer.cz\/wp-content\/uploads\/2019\/06\/IMG_E2845-768x347.jpg 768w, https:\/\/rybolovsudomer.cz\/wp-content\/uploads\/2019\/06\/IMG_E2845.jpg 1500w\" sizes=\"(max-width: 1024px) 100vw, 1024px\" \/><\/figure>\n\n\n\n<figure class=\"wp-block-image\"><img decoding=\"async\" width=\"1024\" height=\"461\" src=\"http:\/\/rybolovsudomer.cz\/wp-content\/uploads\/2019\/06\/IMG_2952-1024x461.jpg\" alt=\"\" class=\"wp-image-13\" srcset=\"https:\/\/rybolovsudomer.cz\/wp-content\/uploads\/2019\/06\/IMG_2952-1024x461.jpg 1024w, https:\/\/rybolovsudomer.cz\/wp-content\/uploads\/2019\/06\/IMG_2952-300x135.jpg 300w, https:\/\/rybolovsudomer.cz\/wp-content\/uploads\/2019\/06\/IMG_2952-768x346.jpg 768w, https:\/\/rybolovsudomer.cz\/wp-content\/uploads\/2019\/06\/IMG_2952.jpg 1500w\" sizes=\"(max-width: 1024px) 100vw, 1024px\" \/><\/figure>\n\n\n\n<figure class=\"wp-block-image\"><img decoding=\"async\" width=\"1024\" height=\"456\" src=\"http:\/\/rybolovsudomer.cz\/wp-content\/uploads\/2019\/06\/fullsizeoutput_f8-1024x456.jpeg\" alt=\"\" class=\"wp-image-12\" srcset=\"https:\/\/rybolovsudomer.cz\/wp-content\/uploads\/2019\/06\/fullsizeoutput_f8-1024x456.jpeg 1024w, https:\/\/rybolovsudomer.cz\/wp-content\/uploads\/2019\/06\/fullsizeoutput_f8-300x134.jpeg 300w, https:\/\/rybolovsudomer.cz\/wp-content\/uploads\/2019\/06\/fullsizeoutput_f8-768x342.jpeg 768w, https:\/\/rybolovsudomer.cz\/wp-content\/uploads\/2019\/06\/fullsizeoutput_f8.jpeg 1500w\" sizes=\"(max-width: 1024px) 100vw, 1024px\" \/><\/figure>\n\n\n\n<figure class=\"wp-block-image\"><img loading=\"lazy\" decoding=\"async\" width=\"1024\" height=\"768\" src=\"http:\/\/rybolovsudomer.cz\/wp-content\/uploads\/2019\/06\/IMG_E2863-1024x768.jpg\" alt=\"\" class=\"wp-image-90\" srcset=\"https:\/\/rybolovsudomer.cz\/wp-content\/uploads\/2019\/06\/IMG_E2863-1024x768.jpg 1024w, https:\/\/rybolovsudomer.cz\/wp-content\/uploads\/2019\/06\/IMG_E2863-300x225.jpg 300w, https:\/\/rybolovsudomer.cz\/wp-content\/uploads\/2019\/06\/IMG_E2863-768x576.jpg 768w\" sizes=\"(max-width: 1024px) 100vw, 1024px\" \/><figcaption>&#8230;&#8230;.prost\u011b pohoda<\/figcaption><\/figure>\n\n\n\n<figure class=\"wp-block-image\"><img loading=\"lazy\" decoding=\"async\" width=\"1000\" height=\"469\" src=\"http:\/\/rybolovsudomer.cz\/wp-content\/uploads\/2019\/06\/IMG_7925-2.jpg\" alt=\"\" class=\"wp-image-95\" srcset=\"https:\/\/rybolovsudomer.cz\/wp-content\/uploads\/2019\/06\/IMG_7925-2.jpg 1000w, https:\/\/rybolovsudomer.cz\/wp-content\/uploads\/2019\/06\/IMG_7925-2-300x141.jpg 300w, https:\/\/rybolovsudomer.cz\/wp-content\/uploads\/2019\/06\/IMG_7925-2-768x360.jpg 768w\" sizes=\"(max-width: 1000px) 100vw, 1000px\" \/><figcaption>chatka &#8222;sedmi\u010dka&#8220;<\/figcaption><\/figure>\n\n\n\n<figure class=\"wp-block-image\"><img loading=\"lazy\" decoding=\"async\" width=\"1000\" height=\"750\" src=\"http:\/\/rybolovsudomer.cz\/wp-content\/uploads\/2019\/07\/41B9924D551440FDAF6A5F2F13C6EB28-2.jpg\" alt=\"\" class=\"wp-image-105\" srcset=\"https:\/\/rybolovsudomer.cz\/wp-content\/uploads\/2019\/07\/41B9924D551440FDAF6A5F2F13C6EB28-2.jpg 1000w, https:\/\/rybolovsudomer.cz\/wp-content\/uploads\/2019\/07\/41B9924D551440FDAF6A5F2F13C6EB28-2-300x225.jpg 300w, https:\/\/rybolovsudomer.cz\/wp-content\/uploads\/2019\/07\/41B9924D551440FDAF6A5F2F13C6EB28-2-768x576.jpg 768w\" sizes=\"(max-width: 1000px) 100vw, 1000px\" \/><\/figure>\n\n\n\n<figure class=\"wp-block-image size-large\"><img loading=\"lazy\" decoding=\"async\" width=\"1024\" height=\"607\" src=\"http:\/\/rybolovsudomer.cz\/wp-content\/uploads\/2022\/06\/chatka_18_2-1024x607.jpg\" alt=\"\" class=\"wp-image-127\" srcset=\"https:\/\/rybolovsudomer.cz\/wp-content\/uploads\/2022\/06\/chatka_18_2-1024x607.jpg 1024w, https:\/\/rybolovsudomer.cz\/wp-content\/uploads\/2022\/06\/chatka_18_2-300x178.jpg 300w, https:\/\/rybolovsudomer.cz\/wp-content\/uploads\/2022\/06\/chatka_18_2-768x455.jpg 768w, https:\/\/rybolovsudomer.cz\/wp-content\/uploads\/2022\/06\/chatka_18_2-1536x910.jpg 1536w, https:\/\/rybolovsudomer.cz\/wp-content\/uploads\/2022\/06\/chatka_18_2-2048x1214.jpg 2048w\" sizes=\"(max-width: 1024px) 100vw, 1024px\" \/><figcaption>Chatka \u010d.14<\/figcaption><\/figure>\n\n\n\n<figure class=\"wp-block-image\"><img loading=\"lazy\" decoding=\"async\" width=\"1000\" height=\"750\" src=\"http:\/\/rybolovsudomer.cz\/wp-content\/uploads\/2019\/07\/9BA22C85AE36D51BB8E470968CB4D804-2.jpg\" alt=\"\" class=\"wp-image-111\" srcset=\"https:\/\/rybolovsudomer.cz\/wp-content\/uploads\/2019\/07\/9BA22C85AE36D51BB8E470968CB4D804-2.jpg 1000w, https:\/\/rybolovsudomer.cz\/wp-content\/uploads\/2019\/07\/9BA22C85AE36D51BB8E470968CB4D804-2-300x225.jpg 300w, https:\/\/rybolovsudomer.cz\/wp-content\/uploads\/2019\/07\/9BA22C85AE36D51BB8E470968CB4D804-2-768x576.jpg 768w\" sizes=\"(max-width: 1000px) 100vw, 1000px\" \/><\/figure>\n","protected":false},"excerpt":{"rendered":"","protected":false},"author":1,"featured_media":0,"parent":0,"menu_order":0,"comment_status":"closed","ping_status":"closed","template":"","meta":{"footnotes":""},"class_list":["post-55","page","type-page","status-publish","hentry"],"yoast_head":"<!-- This site is optimized with the Yoast SEO plugin v27.5 - https:\/\/yoast.com\/product\/yoast-seo-wordpress\/ -->\n<title>Fotogalerie - Rybolov Sudom\u011b\u0159<\/title>\n<meta name=\"robots\" content=\"index, follow, max-snippet:-1, max-image-preview:large, max-video-preview:-1\" \/>\n<link rel=\"canonical\" href=\"https:\/\/rybolovsudomer.cz\/?page_id=55\" \/>\n<meta property=\"og:locale\" content=\"cs_CZ\" \/>\n<meta property=\"og:type\" content=\"article\" \/>\n<meta property=\"og:title\" content=\"Fotogalerie - Rybolov Sudom\u011b\u0159\" \/>\n<meta property=\"og:url\" content=\"https:\/\/rybolovsudomer.cz\/?page_id=55\" \/>\n<meta property=\"og:site_name\" content=\"Rybolov Sudom\u011b\u0159\" \/>\n<meta property=\"article:modified_time\" content=\"2022-06-02T16:23:46+00:00\" \/>\n<meta property=\"og:image\" content=\"http:\/\/rybolovsudomer.cz\/wp-content\/uploads\/2019\/06\/IMG_E2845-1024x462.jpg\" \/>\n<meta name=\"twitter:card\" content=\"summary_large_image\" \/>\n<meta name=\"twitter:label1\" content=\"Odhadovan\u00e1 doba \u010dten\u00ed\" \/>\n\t<meta name=\"twitter:data1\" content=\"2 minuty\" \/>\n<script type=\"application\/ld+json\" class=\"yoast-schema-graph\">{\"@context\":\"https:\\\/\\\/schema.org\",\"@graph\":[{\"@type\":\"WebPage\",\"@id\":\"https:\\\/\\\/rybolovsudomer.cz\\\/?page_id=55\",\"url\":\"https:\\\/\\\/rybolovsudomer.cz\\\/?page_id=55\",\"name\":\"Fotogalerie - Rybolov Sudom\u011b\u0159\",\"isPartOf\":{\"@id\":\"https:\\\/\\\/rybolovsudomer.cz\\\/#website\"},\"primaryImageOfPage\":{\"@id\":\"https:\\\/\\\/rybolovsudomer.cz\\\/?page_id=55#primaryimage\"},\"image\":{\"@id\":\"https:\\\/\\\/rybolovsudomer.cz\\\/?page_id=55#primaryimage\"},\"thumbnailUrl\":\"http:\\\/\\\/rybolovsudomer.cz\\\/wp-content\\\/uploads\\\/2019\\\/06\\\/IMG_E2845-1024x462.jpg\",\"datePublished\":\"2019-06-16T17:05:04+00:00\",\"dateModified\":\"2022-06-02T16:23:46+00:00\",\"breadcrumb\":{\"@id\":\"https:\\\/\\\/rybolovsudomer.cz\\\/?page_id=55#breadcrumb\"},\"inLanguage\":\"cs\",\"potentialAction\":[{\"@type\":\"ReadAction\",\"target\":[\"https:\\\/\\\/rybolovsudomer.cz\\\/?page_id=55\"]}]},{\"@type\":\"ImageObject\",\"inLanguage\":\"cs\",\"@id\":\"https:\\\/\\\/rybolovsudomer.cz\\\/?page_id=55#primaryimage\",\"url\":\"http:\\\/\\\/rybolovsudomer.cz\\\/wp-content\\\/uploads\\\/2019\\\/06\\\/IMG_E2845-1024x462.jpg\",\"contentUrl\":\"http:\\\/\\\/rybolovsudomer.cz\\\/wp-content\\\/uploads\\\/2019\\\/06\\\/IMG_E2845-1024x462.jpg\"},{\"@type\":\"BreadcrumbList\",\"@id\":\"https:\\\/\\\/rybolovsudomer.cz\\\/?page_id=55#breadcrumb\",\"itemListElement\":[{\"@type\":\"ListItem\",\"position\":1,\"name\":\"Home\",\"item\":\"https:\\\/\\\/rybolovsudomer.cz\\\/\"},{\"@type\":\"ListItem\",\"position\":2,\"name\":\"Fotogalerie\"}]},{\"@type\":\"WebSite\",\"@id\":\"https:\\\/\\\/rybolovsudomer.cz\\\/#website\",\"url\":\"https:\\\/\\\/rybolovsudomer.cz\\\/\",\"name\":\"Rybolov Sudom\u011b\u0159\",\"description\":\"\",\"publisher\":{\"@id\":\"https:\\\/\\\/rybolovsudomer.cz\\\/#organization\"},\"potentialAction\":[{\"@type\":\"SearchAction\",\"target\":{\"@type\":\"EntryPoint\",\"urlTemplate\":\"https:\\\/\\\/rybolovsudomer.cz\\\/?s={search_term_string}\"},\"query-input\":{\"@type\":\"PropertyValueSpecification\",\"valueRequired\":true,\"valueName\":\"search_term_string\"}}],\"inLanguage\":\"cs\"},{\"@type\":\"Organization\",\"@id\":\"https:\\\/\\\/rybolovsudomer.cz\\\/#organization\",\"name\":\"Rybolov Sudom\u011b\u0159\",\"url\":\"https:\\\/\\\/rybolovsudomer.cz\\\/\",\"logo\":{\"@type\":\"ImageObject\",\"inLanguage\":\"cs\",\"@id\":\"https:\\\/\\\/rybolovsudomer.cz\\\/#\\\/schema\\\/logo\\\/image\\\/\",\"url\":\"https:\\\/\\\/rybolovsudomer.cz\\\/wp-content\\\/uploads\\\/2019\\\/06\\\/cropped-Logo_2.png\",\"contentUrl\":\"https:\\\/\\\/rybolovsudomer.cz\\\/wp-content\\\/uploads\\\/2019\\\/06\\\/cropped-Logo_2.png\",\"width\":200,\"height\":182,\"caption\":\"Rybolov Sudom\u011b\u0159\"},\"image\":{\"@id\":\"https:\\\/\\\/rybolovsudomer.cz\\\/#\\\/schema\\\/logo\\\/image\\\/\"}}]}<\/script>\n<!-- \/ Yoast SEO plugin. -->","yoast_head_json":{"title":"Fotogalerie - Rybolov Sudom\u011b\u0159","robots":{"index":"index","follow":"follow","max-snippet":"max-snippet:-1","max-image-preview":"max-image-preview:large","max-video-preview":"max-video-preview:-1"},"canonical":"https:\/\/rybolovsudomer.cz\/?page_id=55","og_locale":"cs_CZ","og_type":"article","og_title":"Fotogalerie - Rybolov Sudom\u011b\u0159","og_url":"https:\/\/rybolovsudomer.cz\/?page_id=55","og_site_name":"Rybolov Sudom\u011b\u0159","article_modified_time":"2022-06-02T16:23:46+00:00","og_image":[{"url":"http:\/\/rybolovsudomer.cz\/wp-content\/uploads\/2019\/06\/IMG_E2845-1024x462.jpg","type":"","width":"","height":""}],"twitter_card":"summary_large_image","twitter_misc":{"Odhadovan\u00e1 doba \u010dten\u00ed":"2 minuty"},"schema":{"@context":"https:\/\/schema.org","@graph":[{"@type":"WebPage","@id":"https:\/\/rybolovsudomer.cz\/?page_id=55","url":"https:\/\/rybolovsudomer.cz\/?page_id=55","name":"Fotogalerie - Rybolov Sudom\u011b\u0159","isPartOf":{"@id":"https:\/\/rybolovsudomer.cz\/#website"},"primaryImageOfPage":{"@id":"https:\/\/rybolovsudomer.cz\/?page_id=55#primaryimage"},"image":{"@id":"https:\/\/rybolovsudomer.cz\/?page_id=55#primaryimage"},"thumbnailUrl":"http:\/\/rybolovsudomer.cz\/wp-content\/uploads\/2019\/06\/IMG_E2845-1024x462.jpg","datePublished":"2019-06-16T17:05:04+00:00","dateModified":"2022-06-02T16:23:46+00:00","breadcrumb":{"@id":"https:\/\/rybolovsudomer.cz\/?page_id=55#breadcrumb"},"inLanguage":"cs","potentialAction":[{"@type":"ReadAction","target":["https:\/\/rybolovsudomer.cz\/?page_id=55"]}]},{"@type":"ImageObject","inLanguage":"cs","@id":"https:\/\/rybolovsudomer.cz\/?page_id=55#primaryimage","url":"http:\/\/rybolovsudomer.cz\/wp-content\/uploads\/2019\/06\/IMG_E2845-1024x462.jpg","contentUrl":"http:\/\/rybolovsudomer.cz\/wp-content\/uploads\/2019\/06\/IMG_E2845-1024x462.jpg"},{"@type":"BreadcrumbList","@id":"https:\/\/rybolovsudomer.cz\/?page_id=55#breadcrumb","itemListElement":[{"@type":"ListItem","position":1,"name":"Home","item":"https:\/\/rybolovsudomer.cz\/"},{"@type":"ListItem","position":2,"name":"Fotogalerie"}]},{"@type":"WebSite","@id":"https:\/\/rybolovsudomer.cz\/#website","url":"https:\/\/rybolovsudomer.cz\/","name":"Rybolov Sudom\u011b\u0159","description":"","publisher":{"@id":"https:\/\/rybolovsudomer.cz\/#organization"},"potentialAction":[{"@type":"SearchAction","target":{"@type":"EntryPoint","urlTemplate":"https:\/\/rybolovsudomer.cz\/?s={search_term_string}"},"query-input":{"@type":"PropertyValueSpecification","valueRequired":true,"valueName":"search_term_string"}}],"inLanguage":"cs"},{"@type":"Organization","@id":"https:\/\/rybolovsudomer.cz\/#organization","name":"Rybolov Sudom\u011b\u0159","url":"https:\/\/rybolovsudomer.cz\/","logo":{"@type":"ImageObject","inLanguage":"cs","@id":"https:\/\/rybolovsudomer.cz\/#\/schema\/logo\/image\/","url":"https:\/\/rybolovsudomer.cz\/wp-content\/uploads\/2019\/06\/cropped-Logo_2.png","contentUrl":"https:\/\/rybolovsudomer.cz\/wp-content\/uploads\/2019\/06\/cropped-Logo_2.png","width":200,"height":182,"caption":"Rybolov Sudom\u011b\u0159"},"image":{"@id":"https:\/\/rybolovsudomer.cz\/#\/schema\/logo\/image\/"}}]}},"_links":{"self":[{"href":"https:\/\/rybolovsudomer.cz\/index.php?rest_route=\/wp\/v2\/pages\/55","targetHints":{"allow":["GET"]}}],"collection":[{"href":"https:\/\/rybolovsudomer.cz\/index.php?rest_route=\/wp\/v2\/pages"}],"about":[{"href":"https:\/\/rybolovsudomer.cz\/index.php?rest_route=\/wp\/v2\/types\/page"}],"author":[{"embeddable":true,"href":"https:\/\/rybolovsudomer.cz\/index.php?rest_route=\/wp\/v2\/users\/1"}],"replies":[{"embeddable":true,"href":"https:\/\/rybolovsudomer.cz\/index.php?rest_route=%2Fwp%2Fv2%2Fcomments&post=55"}],"version-history":[{"count":7,"href":"https:\/\/rybolovsudomer.cz\/index.php?rest_route=\/wp\/v2\/pages\/55\/revisions"}],"predecessor-version":[{"id":129,"href":"https:\/\/rybolovsudomer.cz\/index.php?rest_route=\/wp\/v2\/pages\/55\/revisions\/129"}],"wp:attachment":[{"href":"https:\/\/rybolovsudomer.cz\/index.php?rest_route=%2Fwp%2Fv2%2Fmedia&parent=55"}],"curies":[{"name":"wp","href":"https:\/\/api.w.org\/{rel}","templated":true}]}}