{"id":2,"date":"2016-05-10T03:48:21","date_gmt":"2016-05-10T03:48:21","guid":{"rendered":"http:\/\/rybolovsudomer.cz\/?page_id=2"},"modified":"2019-07-07T20:07:54","modified_gmt":"2019-07-07T20:07:54","slug":"sample-page","status":"publish","type":"page","link":"https:\/\/rybolovsudomer.cz\/","title":{"rendered":"Sportovn\u00ed rybolov na VD Sudom\u011b\u0159"},"content":{"rendered":"<p><span style=\"color: #23282d; font-size: 2em; font-weight: 600;\">VODN\u00cd D\u00cdLO SUDOM\u011a\u0158<\/span><\/p>\n<div class=\"entry-content\">\n<p>se nach\u00e1z\u00ed nedaleko Mlad\u00e9 Boleslavi v n\u00e1dhern\u00e9m prost\u0159ed\u00ed,kter\u00e9 vyb\u00edz\u00ed k odpo\u010dinku.P\u0159ehrada byla vybudov\u00e1na v letech 1996-2002 o velikosti 2,5 ha,zcela v souladu s okoln\u00ed p\u0159\u00edrodou.<\/p>\n<p>V\u00edce informac\u00ed z\u00edsk\u00e1te na prehradasudomer.cz<\/p>\n<p>Rev\u00edr je kvalitn\u011b zarybn\u011bn,obs\u00e1dku tvo\u0159\u00ed zejm\u00e9na kapr,amur,jeseter,cand\u00e1t a d\u00e1le \u0161tika,\u00faho\u0159 a sumec.Nejsou vyj\u00edmkou trofejn\u00ed ryby o v\u00e1ze p\u0159es 15 kg.<\/p>\n<p>K dispozici je 16 m\u00edst pro lov,z toho 2 maj\u00ed k u\u017e\u00edv\u00e1n\u00ed i chatku.Chatky maj\u00ed ve v\u00fdbav\u011b m\u00edsto pro odpo\u010dinek,ryb\u00e1\u0159sk\u00e9 \u017eidle,gril atd.<\/p>\n<\/div>\n","protected":false},"excerpt":{"rendered":"<p>VODN\u00cd D\u00cdLO SUDOM\u011a\u0158 se nach\u00e1z\u00ed nedaleko Mlad\u00e9 Boleslavi v n\u00e1dhern\u00e9m prost\u0159ed\u00ed,kter\u00e9 vyb\u00edz\u00ed k odpo\u010dinku.P\u0159ehrada byla vybudov\u00e1na v letech 1996-2002 o velikosti 2,5 ha,zcela v souladu s okoln\u00ed p\u0159\u00edrodou. V\u00edce informac\u00ed z\u00edsk\u00e1te na prehradasudomer.cz Rev\u00edr je kvalitn\u011b zarybn\u011bn,obs\u00e1dku tvo\u0159\u00ed zejm\u00e9na kapr,amur,jeseter,cand\u00e1t a d\u00e1le \u0161tika,\u00faho\u0159 a sumec.Nejsou vyj\u00edmkou trofejn\u00ed ryby o v\u00e1ze p\u0159es 15 kg. K dispozici [&hellip;]<\/p>\n","protected":false},"author":1,"featured_media":0,"parent":0,"menu_order":0,"comment_status":"closed","ping_status":"open","template":"","meta":{"footnotes":""},"class_list":["post-2","page","type-page","status-publish","hentry"],"yoast_head":"<!-- This site is optimized with the Yoast SEO plugin v27.4 - https:\/\/yoast.com\/product\/yoast-seo-wordpress\/ -->\n<title>Sportovn\u00ed rybolov na VD Sudom\u011b\u0159 - Rybolov Sudom\u011b\u0159<\/title>\n<meta name=\"description\" content=\"Kr\u00e1sn\u00e9 prost\u0159ed\u00ed \u010cesk\u00e9ho r\u00e1je,kvalitn\u00ed zarybn\u011bn\u00ed,chatky\" \/>\n<meta name=\"robots\" content=\"index, follow, max-snippet:-1, max-image-preview:large, max-video-preview:-1\" \/>\n<link rel=\"canonical\" href=\"https:\/\/rybolovsudomer.cz\/\" \/>\n<meta property=\"og:locale\" content=\"cs_CZ\" \/>\n<meta property=\"og:type\" content=\"article\" \/>\n<meta property=\"og:title\" content=\"Sportovn\u00ed rybolov na VD Sudom\u011b\u0159 - Rybolov Sudom\u011b\u0159\" \/>\n<meta property=\"og:description\" content=\"Kr\u00e1sn\u00e9 prost\u0159ed\u00ed \u010cesk\u00e9ho r\u00e1je,kvalitn\u00ed zarybn\u011bn\u00ed,chatky\" \/>\n<meta property=\"og:url\" content=\"https:\/\/rybolovsudomer.cz\/\" \/>\n<meta property=\"og:site_name\" content=\"Rybolov Sudom\u011b\u0159\" \/>\n<meta property=\"article:modified_time\" content=\"2019-07-07T20:07:54+00:00\" \/>\n<meta name=\"twitter:card\" content=\"summary_large_image\" \/>\n<meta name=\"twitter:label1\" content=\"Odhadovan\u00e1 doba \u010dten\u00ed\" \/>\n\t<meta name=\"twitter:data1\" content=\"1 minuta\" \/>\n<script type=\"application\/ld+json\" class=\"yoast-schema-graph\">{\"@context\":\"https:\\\/\\\/schema.org\",\"@graph\":[{\"@type\":\"WebPage\",\"@id\":\"https:\\\/\\\/rybolovsudomer.cz\\\/\",\"url\":\"https:\\\/\\\/rybolovsudomer.cz\\\/\",\"name\":\"Sportovn\u00ed rybolov na VD Sudom\u011b\u0159 - Rybolov Sudom\u011b\u0159\",\"isPartOf\":{\"@id\":\"https:\\\/\\\/rybolovsudomer.cz\\\/#website\"},\"datePublished\":\"2016-05-10T03:48:21+00:00\",\"dateModified\":\"2019-07-07T20:07:54+00:00\",\"description\":\"Kr\u00e1sn\u00e9 prost\u0159ed\u00ed \u010cesk\u00e9ho r\u00e1je,kvalitn\u00ed zarybn\u011bn\u00ed,chatky\",\"breadcrumb\":{\"@id\":\"https:\\\/\\\/rybolovsudomer.cz\\\/#breadcrumb\"},\"inLanguage\":\"cs\",\"potentialAction\":[{\"@type\":\"ReadAction\",\"target\":[\"https:\\\/\\\/rybolovsudomer.cz\\\/\"]}]},{\"@type\":\"BreadcrumbList\",\"@id\":\"https:\\\/\\\/rybolovsudomer.cz\\\/#breadcrumb\",\"itemListElement\":[{\"@type\":\"ListItem\",\"position\":1,\"name\":\"Home\",\"item\":\"https:\\\/\\\/rybolovsudomer.cz\\\/\"},{\"@type\":\"ListItem\",\"position\":2,\"name\":\"Sportovn\u00ed rybolov na VD Sudom\u011b\u0159\"}]},{\"@type\":\"WebSite\",\"@id\":\"https:\\\/\\\/rybolovsudomer.cz\\\/#website\",\"url\":\"https:\\\/\\\/rybolovsudomer.cz\\\/\",\"name\":\"Rybolov Sudom\u011b\u0159\",\"description\":\"\",\"publisher\":{\"@id\":\"https:\\\/\\\/rybolovsudomer.cz\\\/#organization\"},\"potentialAction\":[{\"@type\":\"SearchAction\",\"target\":{\"@type\":\"EntryPoint\",\"urlTemplate\":\"https:\\\/\\\/rybolovsudomer.cz\\\/?s={search_term_string}\"},\"query-input\":{\"@type\":\"PropertyValueSpecification\",\"valueRequired\":true,\"valueName\":\"search_term_string\"}}],\"inLanguage\":\"cs\"},{\"@type\":\"Organization\",\"@id\":\"https:\\\/\\\/rybolovsudomer.cz\\\/#organization\",\"name\":\"Rybolov Sudom\u011b\u0159\",\"url\":\"https:\\\/\\\/rybolovsudomer.cz\\\/\",\"logo\":{\"@type\":\"ImageObject\",\"inLanguage\":\"cs\",\"@id\":\"https:\\\/\\\/rybolovsudomer.cz\\\/#\\\/schema\\\/logo\\\/image\\\/\",\"url\":\"https:\\\/\\\/rybolovsudomer.cz\\\/wp-content\\\/uploads\\\/2019\\\/06\\\/cropped-Logo_2.png\",\"contentUrl\":\"https:\\\/\\\/rybolovsudomer.cz\\\/wp-content\\\/uploads\\\/2019\\\/06\\\/cropped-Logo_2.png\",\"width\":200,\"height\":182,\"caption\":\"Rybolov Sudom\u011b\u0159\"},\"image\":{\"@id\":\"https:\\\/\\\/rybolovsudomer.cz\\\/#\\\/schema\\\/logo\\\/image\\\/\"}}]}<\/script>\n<!-- \/ Yoast SEO plugin. -->","yoast_head_json":{"title":"Sportovn\u00ed rybolov na VD Sudom\u011b\u0159 - Rybolov Sudom\u011b\u0159","description":"Kr\u00e1sn\u00e9 prost\u0159ed\u00ed \u010cesk\u00e9ho r\u00e1je,kvalitn\u00ed zarybn\u011bn\u00ed,chatky","robots":{"index":"index","follow":"follow","max-snippet":"max-snippet:-1","max-image-preview":"max-image-preview:large","max-video-preview":"max-video-preview:-1"},"canonical":"https:\/\/rybolovsudomer.cz\/","og_locale":"cs_CZ","og_type":"article","og_title":"Sportovn\u00ed rybolov na VD Sudom\u011b\u0159 - Rybolov Sudom\u011b\u0159","og_description":"Kr\u00e1sn\u00e9 prost\u0159ed\u00ed \u010cesk\u00e9ho r\u00e1je,kvalitn\u00ed zarybn\u011bn\u00ed,chatky","og_url":"https:\/\/rybolovsudomer.cz\/","og_site_name":"Rybolov Sudom\u011b\u0159","article_modified_time":"2019-07-07T20:07:54+00:00","twitter_card":"summary_large_image","twitter_misc":{"Odhadovan\u00e1 doba \u010dten\u00ed":"1 minuta"},"schema":{"@context":"https:\/\/schema.org","@graph":[{"@type":"WebPage","@id":"https:\/\/rybolovsudomer.cz\/","url":"https:\/\/rybolovsudomer.cz\/","name":"Sportovn\u00ed rybolov na VD Sudom\u011b\u0159 - Rybolov Sudom\u011b\u0159","isPartOf":{"@id":"https:\/\/rybolovsudomer.cz\/#website"},"datePublished":"2016-05-10T03:48:21+00:00","dateModified":"2019-07-07T20:07:54+00:00","description":"Kr\u00e1sn\u00e9 prost\u0159ed\u00ed \u010cesk\u00e9ho r\u00e1je,kvalitn\u00ed zarybn\u011bn\u00ed,chatky","breadcrumb":{"@id":"https:\/\/rybolovsudomer.cz\/#breadcrumb"},"inLanguage":"cs","potentialAction":[{"@type":"ReadAction","target":["https:\/\/rybolovsudomer.cz\/"]}]},{"@type":"BreadcrumbList","@id":"https:\/\/rybolovsudomer.cz\/#breadcrumb","itemListElement":[{"@type":"ListItem","position":1,"name":"Home","item":"https:\/\/rybolovsudomer.cz\/"},{"@type":"ListItem","position":2,"name":"Sportovn\u00ed rybolov na VD Sudom\u011b\u0159"}]},{"@type":"WebSite","@id":"https:\/\/rybolovsudomer.cz\/#website","url":"https:\/\/rybolovsudomer.cz\/","name":"Rybolov Sudom\u011b\u0159","description":"","publisher":{"@id":"https:\/\/rybolovsudomer.cz\/#organization"},"potentialAction":[{"@type":"SearchAction","target":{"@type":"EntryPoint","urlTemplate":"https:\/\/rybolovsudomer.cz\/?s={search_term_string}"},"query-input":{"@type":"PropertyValueSpecification","valueRequired":true,"valueName":"search_term_string"}}],"inLanguage":"cs"},{"@type":"Organization","@id":"https:\/\/rybolovsudomer.cz\/#organization","name":"Rybolov Sudom\u011b\u0159","url":"https:\/\/rybolovsudomer.cz\/","logo":{"@type":"ImageObject","inLanguage":"cs","@id":"https:\/\/rybolovsudomer.cz\/#\/schema\/logo\/image\/","url":"https:\/\/rybolovsudomer.cz\/wp-content\/uploads\/2019\/06\/cropped-Logo_2.png","contentUrl":"https:\/\/rybolovsudomer.cz\/wp-content\/uploads\/2019\/06\/cropped-Logo_2.png","width":200,"height":182,"caption":"Rybolov Sudom\u011b\u0159"},"image":{"@id":"https:\/\/rybolovsudomer.cz\/#\/schema\/logo\/image\/"}}]}},"_links":{"self":[{"href":"https:\/\/rybolovsudomer.cz\/index.php?rest_route=\/wp\/v2\/pages\/2","targetHints":{"allow":["GET"]}}],"collection":[{"href":"https:\/\/rybolovsudomer.cz\/index.php?rest_route=\/wp\/v2\/pages"}],"about":[{"href":"https:\/\/rybolovsudomer.cz\/index.php?rest_route=\/wp\/v2\/types\/page"}],"author":[{"embeddable":true,"href":"https:\/\/rybolovsudomer.cz\/index.php?rest_route=\/wp\/v2\/users\/1"}],"replies":[{"embeddable":true,"href":"https:\/\/rybolovsudomer.cz\/index.php?rest_route=%2Fwp%2Fv2%2Fcomments&post=2"}],"version-history":[{"count":6,"href":"https:\/\/rybolovsudomer.cz\/index.php?rest_route=\/wp\/v2\/pages\/2\/revisions"}],"predecessor-version":[{"id":108,"href":"https:\/\/rybolovsudomer.cz\/index.php?rest_route=\/wp\/v2\/pages\/2\/revisions\/108"}],"wp:attachment":[{"href":"https:\/\/rybolovsudomer.cz\/index.php?rest_route=%2Fwp%2Fv2%2Fmedia&parent=2"}],"curies":[{"name":"wp","href":"https:\/\/api.w.org\/{rel}","templated":true}]}}